{"id":467,"date":"2025-01-20T08:04:52","date_gmt":"2025-01-20T07:04:52","guid":{"rendered":"https:\/\/hhomepage.com\/powerduck\/nutzerbedingungen\/"},"modified":"2025-02-14T14:59:33","modified_gmt":"2025-02-14T13:59:33","slug":"nutzerbedingungen","status":"publish","type":"page","link":"https:\/\/mypowerduck.com\/fr\/nutzerbedingungen\/","title":{"rendered":"Nutzerbedingungen"},"content":{"rendered":"<div class=\"fusion-fullwidth fullwidth-box fusion-builder-row-1 fusion-flex-container has-pattern-background has-mask-background nonhundred-percent-fullwidth non-hundred-percent-height-scrolling\" style=\"--awb-border-radius-top-left:0px;--awb-border-radius-top-right:0px;--awb-border-radius-bottom-right:0px;--awb-border-radius-bottom-left:0px;--awb-flex-wrap:wrap;\" ><div class=\"fusion-builder-row fusion-row fusion-flex-align-items-flex-start fusion-flex-content-wrap\" style=\"max-width:1289.6px;margin-left: calc(-4% \/ 2 );margin-right: calc(-4% \/ 2 );\"><div class=\"fusion-layout-column fusion_builder_column fusion-builder-column-0 fusion_builder_column_1_1 1_1 fusion-flex-column\" style=\"--awb-bg-size:cover;--awb-width-large:100%;--awb-margin-top-large:0px;--awb-spacing-right-large:1.92%;--awb-margin-bottom-large:20px;--awb-spacing-left-large:1.92%;--awb-width-medium:100%;--awb-order-medium:0;--awb-spacing-right-medium:1.92%;--awb-spacing-left-medium:1.92%;--awb-width-small:100%;--awb-order-small:0;--awb-spacing-right-small:1.92%;--awb-spacing-left-small:1.92%;\"><div class=\"fusion-column-wrapper fusion-column-has-shadow fusion-flex-justify-content-flex-start fusion-content-layout-column\"><div class=\"fusion-title title fusion-title-1 fusion-sep-none fusion-title-text fusion-title-size-one\"><h1 class=\"fusion-title-heading title-heading-left\" style=\"margin:0;\">Conditions d&rsquo;utilisation<\/h1><\/div><div class=\"fusion-text fusion-text-1\"><h3>But<\/h3>\n<p>Outre les conditions g\u00e9n\u00e9rales, les conditions d&rsquo;utilisation font \u00e9galement partie int\u00e9grante du contrat. Les Conditions d&rsquo;utilisation servent \u00e0 prot\u00e9ger l&rsquo;environnement op\u00e9rationnel de WIN-WIN FOR WORK afin que sa qualit\u00e9 de service ne soit pas compromise dans l&rsquo;int\u00e9r\u00eat de la majorit\u00e9 des clients. Les clients qui transmettent leur serveur ou leur compte ou des parties de ceux-ci \u00e0 des tiers sont tenus de les informer en cons\u00e9quence et sont \u00e9galement responsables envers WIN-WIN FOR WORK pour eux.<\/p>\n<h3>interdictions<\/h3>\n<p><strong>Violation de la loi<br \/>\n<\/strong>Toutes les donn\u00e9es, contenus et activit\u00e9s ainsi que leur promotion ou la participation \u00e0 de tels contenus qui violent le droit suisse sont interdits. Cela comprend, entre autres, la publication ou la diffusion de donn\u00e9es prot\u00e9g\u00e9es par le droit d\u2019auteur ou le droit de diffusion.<\/p>\n<p><strong>Racisme<br \/>\n<\/strong>La publication ou la diffusion de contenus ou de contenus \u00e0 caract\u00e8re raciste n\u2019est pas autoris\u00e9e. La d\u00e9termination de leur d\u00e9finition dans les cas ambigus repose sur le principe WIN-WIN FOR WORK.<\/p>\n<p><strong>Les activit\u00e9s abusives<br \/>\n<\/strong>ainsi que la promotion ou la participation \u00e0 des activit\u00e9s consid\u00e9r\u00e9es comme ind\u00e9sirables selon les r\u00e8gles de conduite g\u00e9n\u00e9ralement connues sur Internet (N\u00e9tiquette \/ RFC1855) ne sont pas autoris\u00e9es. Il s&rsquo;agit entre autres de la diffusion (multiple) non sollicit\u00e9e de messages ind\u00e9sirables (spam, UCE, etc.) ainsi que d&rsquo;attaques contre d&rsquo;autres syst\u00e8mes connect\u00e9s \u00e0 Internet (attaque DDoS, spoofing, etc.). La d\u00e9termination de la d\u00e9finition concernant la n\u00e9tiquette et ses composantes repose sur WIN-WIN FOR WORK. En outre, le client s&rsquo;abstient de toute consommation excessive de bande passante, c&rsquo;est-\u00e0-dire de toute atteinte aux ressources r\u00e9seau disponibles au d\u00e9triment d&rsquo;autres clients.<\/p>\n<h3>Violation<\/h3>\n<p><strong>D\u00e9finition<br \/>\n<\/strong>Est consid\u00e9r\u00e9 comme infraction tout non-respect ou toute immoralit\u00e9 \u00e0 une interdiction mentionn\u00e9e au point 2, qu&rsquo;elle soit intentionnelle, non intentionnelle ou due \u00e0 la faute d&rsquo;un tiers. Une telle violation peut \u00eatre identifi\u00e9e en examinant les rapports ou les plaintes de tiers ou, selon le cas, en d\u00e9tectant des signes \u00e9vidents dans les m\u00e9canismes d&rsquo;audit du syst\u00e8me WIN-WIN FOR WORK.<\/p>\n<p><strong>Cons\u00e9quence Le<br \/>\n<\/strong>facteur d\u00e9cisif ici est la gravit\u00e9 de l&rsquo;infraction selon WIN-WIN FOR WORK et toute sanction doit \u00eatre proportionn\u00e9e. Dans tous les cas et au minimum, le client recevra un avertissement. En cas de violation grave ou r\u00e9p\u00e9t\u00e9e, WIN-WIN FOR WORK se r\u00e9serve le droit de r\u00e9silier un contrat ou un abonnement sans pr\u00e9avis ou de bloquer imm\u00e9diatement et temporairement le contenu, le service, le compte ou le serveur concern\u00e9.<\/p>\n<h3>Conditions d&rsquo;utilisation de l&rsquo;IA POWER DUCK Dialog<\/h3>\n<p><b>1. Limitation de responsabilit\u00e9 et responsabilit\u00e9 de l&rsquo;utilisateur<\/b><\/p>\n<p>L&rsquo;IA de dialogue POWER DUCK fonctionne exclusivement comme un g\u00e9n\u00e9rateur de recommandations d&rsquo;action et d&rsquo;informations. Il ne s\u2019agit en aucun cas d\u2019un substitut \u00e0 un avis professionnel ou \u00e0 une prise de d\u00e9cision ind\u00e9pendante. L\u2019utilisateur assume l\u2019enti\u00e8re responsabilit\u00e9 de toutes les actions et d\u00e9cisions, y compris celles bas\u00e9es sur les recommandations de l\u2019IA.<\/p>\n<p><b>2. Phase de test et recueil de retours<\/b><\/p>\n<p>En utilisant la version d&rsquo;essai, l&rsquo;utilisateur accepte que WIN-WIN FOR WORK puisse le contacter dans le but de recueillir des commentaires. Ces commentaires sont utilis\u00e9s pour optimiser en permanence l&rsquo;IA du dialogue POWER DUCK.<\/p>\n<p><b>3. Utilisation volontaire et exclusion de garantie<\/b><\/p>\n<p>L&rsquo;utilisation de POWER DUCK Dialog AI est volontaire et ne donne lieu \u00e0 aucune r\u00e9clamation l\u00e9gale \u00e0 l&rsquo;encontre de WIN-WIN FOR WORK GmbH, en particulier aucune r\u00e9clamation de garantie ou de responsabilit\u00e9 concernant les recommandations de l&rsquo;IA.<\/p>\n<p><b>4. Restriction et refus d&rsquo;utilisation<\/b><\/p>\n<p>WIN-WIN FOR WORK se r\u00e9serve le droit de restreindre ou de refuser l&rsquo;utilisation de POWER DUCK Dialog AI \u00e0 tout moment et sans donner de raisons.<\/p>\n<p><b>5. Modifications des conditions d&rsquo;utilisation<\/b><\/p>\n<p>WIN-WIN FOR WORK GmbH est en droit de modifier ces conditions d&rsquo;utilisation \u00e0 tout moment. Il appartient \u00e0 l&rsquo;utilisateur de s&rsquo;informer sur les conditions d&rsquo;utilisation en vigueur.<\/p>\n<p><b>En utilisant POWER DUCK Dialog AI, vous acceptez ces conditions d&rsquo;utilisation.<\/b><\/p>\n<p>Si vous avez d&rsquo;autres questions, nous serons heureux d&rsquo;y r\u00e9pondre :<\/p>\n<p><b>WIN-WIN POUR LE TRAVAIL GmbH<\/b><\/p>\n<p><b>Courriel : info@winwinforwork.org<\/b><\/p>\n<\/div><\/div><\/div><\/div><\/div>\n","protected":false},"excerpt":{"rendered":"","protected":false},"author":2,"featured_media":0,"parent":0,"menu_order":0,"comment_status":"closed","ping_status":"closed","template":"","meta":{"footnotes":""},"class_list":["post-467","page","type-page","status-publish","hentry"],"yoast_head":"<!-- This site is optimized with the Yoast SEO Premium plugin v26.8 (Yoast SEO v27.4) - https:\/\/yoast.com\/product\/yoast-seo-premium-wordpress\/ -->\n<title>Nutzerbedingungen | My Power Duck<\/title>\n<meta name=\"robots\" content=\"index, follow, max-snippet:-1, max-image-preview:large, max-video-preview:-1\" \/>\n<link rel=\"canonical\" href=\"https:\/\/mypowerduck.com\/fr\/nutzerbedingungen\/\" \/>\n<meta property=\"og:locale\" content=\"fr_FR\" \/>\n<meta property=\"og:type\" content=\"article\" \/>\n<meta property=\"og:title\" content=\"Nutzerbedingungen\" \/>\n<meta property=\"og:url\" content=\"https:\/\/mypowerduck.com\/fr\/nutzerbedingungen\/\" \/>\n<meta property=\"og:site_name\" content=\"My Power Duck\" \/>\n<meta property=\"article:modified_time\" content=\"2025-02-14T13:59:33+00:00\" \/>\n<meta property=\"og:image\" content=\"https:\/\/mypowerduck.com\/wp-content\/uploads\/sites\/2\/2025\/01\/AdobeStock_501523535-1-scaled-e1719827757909.jpeg\" \/>\n\t<meta property=\"og:image:width\" content=\"780\" \/>\n\t<meta property=\"og:image:height\" content=\"434\" \/>\n\t<meta property=\"og:image:type\" content=\"image\/jpeg\" \/>\n<meta name=\"twitter:card\" content=\"summary_large_image\" \/>\n<meta name=\"twitter:label1\" content=\"Dur\u00e9e de lecture estim\u00e9e\" \/>\n\t<meta name=\"twitter:data1\" content=\"4 minutes\" \/>\n<script type=\"application\/ld+json\" class=\"yoast-schema-graph\">{\"@context\":\"https:\\\/\\\/schema.org\",\"@graph\":[{\"@type\":\"WebPage\",\"@id\":\"https:\\\/\\\/mypowerduck.com\\\/fr\\\/nutzerbedingungen\\\/\",\"url\":\"https:\\\/\\\/mypowerduck.com\\\/fr\\\/nutzerbedingungen\\\/\",\"name\":\"Nutzerbedingungen | My Power Duck\",\"isPartOf\":{\"@id\":\"https:\\\/\\\/mypowerduck.com\\\/#website\"},\"datePublished\":\"2025-01-20T07:04:52+00:00\",\"dateModified\":\"2025-02-14T13:59:33+00:00\",\"breadcrumb\":{\"@id\":\"https:\\\/\\\/mypowerduck.com\\\/fr\\\/nutzerbedingungen\\\/#breadcrumb\"},\"inLanguage\":\"fr-FR\",\"potentialAction\":[{\"@type\":\"ReadAction\",\"target\":[\"https:\\\/\\\/mypowerduck.com\\\/fr\\\/nutzerbedingungen\\\/\"]}]},{\"@type\":\"BreadcrumbList\",\"@id\":\"https:\\\/\\\/mypowerduck.com\\\/fr\\\/nutzerbedingungen\\\/#breadcrumb\",\"itemListElement\":[{\"@type\":\"ListItem\",\"position\":1,\"name\":\"Startseite\",\"item\":\"https:\\\/\\\/mypowerduck.com\\\/fr\\\/\"},{\"@type\":\"ListItem\",\"position\":2,\"name\":\"Nutzerbedingungen\"}]},{\"@type\":\"WebSite\",\"@id\":\"https:\\\/\\\/mypowerduck.com\\\/#website\",\"url\":\"https:\\\/\\\/mypowerduck.com\\\/\",\"name\":\"My Power Duck\",\"description\":\"Let&#039;s work happy! Ich l\u00f6se deine Probleme.\",\"publisher\":{\"@id\":\"https:\\\/\\\/mypowerduck.com\\\/#organization\"},\"potentialAction\":[{\"@type\":\"SearchAction\",\"target\":{\"@type\":\"EntryPoint\",\"urlTemplate\":\"https:\\\/\\\/mypowerduck.com\\\/?s={search_term_string}\"},\"query-input\":{\"@type\":\"PropertyValueSpecification\",\"valueRequired\":true,\"valueName\":\"search_term_string\"}}],\"inLanguage\":\"fr-FR\"},{\"@type\":\"Organization\",\"@id\":\"https:\\\/\\\/mypowerduck.com\\\/#organization\",\"name\":\"My Power Duck\",\"url\":\"https:\\\/\\\/mypowerduck.com\\\/\",\"logo\":{\"@type\":\"ImageObject\",\"inLanguage\":\"fr-FR\",\"@id\":\"https:\\\/\\\/mypowerduck.com\\\/#\\\/schema\\\/logo\\\/image\\\/\",\"url\":\"https:\\\/\\\/mypowerduck.com\\\/wp-content\\\/uploads\\\/sites\\\/2\\\/2025\\\/02\\\/Never-3.png\",\"contentUrl\":\"https:\\\/\\\/mypowerduck.com\\\/wp-content\\\/uploads\\\/sites\\\/2\\\/2025\\\/02\\\/Never-3.png\",\"width\":1920,\"height\":1920,\"caption\":\"My Power Duck\"},\"image\":{\"@id\":\"https:\\\/\\\/mypowerduck.com\\\/#\\\/schema\\\/logo\\\/image\\\/\"},\"sameAs\":[\"https:\\\/\\\/www.linkedin.com\\\/company\\\/winwinforwork-gmbh\\\/?viewAsMember=true\"]}]}<\/script>\n<!-- \/ Yoast SEO Premium plugin. -->","yoast_head_json":{"title":"Nutzerbedingungen | My Power Duck","robots":{"index":"index","follow":"follow","max-snippet":"max-snippet:-1","max-image-preview":"max-image-preview:large","max-video-preview":"max-video-preview:-1"},"canonical":"https:\/\/mypowerduck.com\/fr\/nutzerbedingungen\/","og_locale":"fr_FR","og_type":"article","og_title":"Nutzerbedingungen","og_url":"https:\/\/mypowerduck.com\/fr\/nutzerbedingungen\/","og_site_name":"My Power Duck","article_modified_time":"2025-02-14T13:59:33+00:00","og_image":[{"width":780,"height":434,"url":"https:\/\/mypowerduck.com\/wp-content\/uploads\/sites\/2\/2025\/01\/AdobeStock_501523535-1-scaled-e1719827757909.jpeg","type":"image\/jpeg"}],"twitter_card":"summary_large_image","twitter_misc":{"Dur\u00e9e de lecture estim\u00e9e":"4 minutes"},"schema":{"@context":"https:\/\/schema.org","@graph":[{"@type":"WebPage","@id":"https:\/\/mypowerduck.com\/fr\/nutzerbedingungen\/","url":"https:\/\/mypowerduck.com\/fr\/nutzerbedingungen\/","name":"Nutzerbedingungen | My Power Duck","isPartOf":{"@id":"https:\/\/mypowerduck.com\/#website"},"datePublished":"2025-01-20T07:04:52+00:00","dateModified":"2025-02-14T13:59:33+00:00","breadcrumb":{"@id":"https:\/\/mypowerduck.com\/fr\/nutzerbedingungen\/#breadcrumb"},"inLanguage":"fr-FR","potentialAction":[{"@type":"ReadAction","target":["https:\/\/mypowerduck.com\/fr\/nutzerbedingungen\/"]}]},{"@type":"BreadcrumbList","@id":"https:\/\/mypowerduck.com\/fr\/nutzerbedingungen\/#breadcrumb","itemListElement":[{"@type":"ListItem","position":1,"name":"Startseite","item":"https:\/\/mypowerduck.com\/fr\/"},{"@type":"ListItem","position":2,"name":"Nutzerbedingungen"}]},{"@type":"WebSite","@id":"https:\/\/mypowerduck.com\/#website","url":"https:\/\/mypowerduck.com\/","name":"My Power Duck","description":"Let&#039;s work happy! Ich l\u00f6se deine Probleme.","publisher":{"@id":"https:\/\/mypowerduck.com\/#organization"},"potentialAction":[{"@type":"SearchAction","target":{"@type":"EntryPoint","urlTemplate":"https:\/\/mypowerduck.com\/?s={search_term_string}"},"query-input":{"@type":"PropertyValueSpecification","valueRequired":true,"valueName":"search_term_string"}}],"inLanguage":"fr-FR"},{"@type":"Organization","@id":"https:\/\/mypowerduck.com\/#organization","name":"My Power Duck","url":"https:\/\/mypowerduck.com\/","logo":{"@type":"ImageObject","inLanguage":"fr-FR","@id":"https:\/\/mypowerduck.com\/#\/schema\/logo\/image\/","url":"https:\/\/mypowerduck.com\/wp-content\/uploads\/sites\/2\/2025\/02\/Never-3.png","contentUrl":"https:\/\/mypowerduck.com\/wp-content\/uploads\/sites\/2\/2025\/02\/Never-3.png","width":1920,"height":1920,"caption":"My Power Duck"},"image":{"@id":"https:\/\/mypowerduck.com\/#\/schema\/logo\/image\/"},"sameAs":["https:\/\/www.linkedin.com\/company\/winwinforwork-gmbh\/?viewAsMember=true"]}]}},"_links":{"self":[{"href":"https:\/\/mypowerduck.com\/fr\/wp-json\/wp\/v2\/pages\/467","targetHints":{"allow":["GET"]}}],"collection":[{"href":"https:\/\/mypowerduck.com\/fr\/wp-json\/wp\/v2\/pages"}],"about":[{"href":"https:\/\/mypowerduck.com\/fr\/wp-json\/wp\/v2\/types\/page"}],"author":[{"embeddable":true,"href":"https:\/\/mypowerduck.com\/fr\/wp-json\/wp\/v2\/users\/2"}],"replies":[{"embeddable":true,"href":"https:\/\/mypowerduck.com\/fr\/wp-json\/wp\/v2\/comments?post=467"}],"version-history":[{"count":3,"href":"https:\/\/mypowerduck.com\/fr\/wp-json\/wp\/v2\/pages\/467\/revisions"}],"predecessor-version":[{"id":1270,"href":"https:\/\/mypowerduck.com\/fr\/wp-json\/wp\/v2\/pages\/467\/revisions\/1270"}],"wp:attachment":[{"href":"https:\/\/mypowerduck.com\/fr\/wp-json\/wp\/v2\/media?parent=467"}],"curies":[{"name":"wp","href":"https:\/\/api.w.org\/{rel}","templated":true}]}}